{"id":1068,"date":"2024-05-04T14:09:19","date_gmt":"2024-05-04T14:09:19","guid":{"rendered":"https:\/\/kakkunoita.fi\/?page_id=1068"},"modified":"2024-05-05T16:47:16","modified_gmt":"2024-05-05T16:47:16","slug":"yrityksille","status":"publish","type":"page","link":"https:\/\/kakkunoita.fi\/index.php\/yrityksille\/","title":{"rendered":"Yrityksille"},"content":{"rendered":"\n<div class=\"wp-block-media-text is-stacked-on-mobile\" style=\"grid-template-columns:41% auto\"><figure class=\"wp-block-media-text__media\"><img loading=\"lazy\" decoding=\"async\" width=\"768\" height=\"1024\" src=\"https:\/\/kakkunoita.fi\/wp-content\/uploads\/2024\/04\/kakku5-768x1024.jpeg\" alt=\"\" class=\"wp-image-28 size-full\" srcset=\"https:\/\/kakkunoita.fi\/wp-content\/uploads\/2024\/04\/kakku5-768x1024.jpeg 768w, https:\/\/kakkunoita.fi\/wp-content\/uploads\/2024\/04\/kakku5-600x800.jpeg 600w, https:\/\/kakkunoita.fi\/wp-content\/uploads\/2024\/04\/kakku5-225x300.jpeg 225w, https:\/\/kakkunoita.fi\/wp-content\/uploads\/2024\/04\/kakku5-1152x1536.jpeg 1152w, https:\/\/kakkunoita.fi\/wp-content\/uploads\/2024\/04\/kakku5.jpeg 1536w\" sizes=\"auto, (max-width: 768px) 100vw, 768px\" \/><\/figure><div class=\"wp-block-media-text__content\">\n<p><\/p>\n\n\n\n<p><strong>Kokouskakku tai tyylik\u00e4s logokakku?<\/strong><\/p>\n\n\n\n<p>Tilaa t\u00e4ysin kustomoitu kakku vaikka yrityksesi logolla juhliin tai erilaisiin tapahtumiin, ja teet tilaisuudestasi heti n\u00e4ytt\u00e4v\u00e4mm\u00e4n. Kakkunoidan tuotteet sopivat monenlaisiin ruokavalioihin, sill\u00e4 kaikki tuotteet ovat automaattisesti maidottomia, kananmunattomia ja vegaanisia, sek\u00e4 mahdollisesti lis\u00e4maksusta gluteenittomia. Mutta varmasti aina herkullisia!<\/p>\n\n\n\n<p id=\"wnd_TextBlock_71013_inner_2\"><strong>J\u00e4lleenmyyj\u00e4ksi?<\/strong><\/p>\n\n\n\n<p id=\"wnd_TextBlock_71013_inner_3\">Tilaa Kakkunoidalta vaikka porkkanaleivokset, kuppikakut, juustokakut tai suolaiset piiraat oman kahvilasi vitriiniin vegaaniseksi vaihtoehdoksi.<\/p>\n\n\n\n<p id=\"wnd_TextBlock_71013_inner_5\">Ota rohkeasti yhteytt\u00e4, niin suunnitellaan yhdess\u00e4 juuri sinun yrityksesi tarpeisiin t\u00e4ydellinen kakku!<\/p>\n<\/div><\/div>\n\n\n\n<p><\/p>\n\n\n\n<p id=\"wnd_TextBlock_71013_inner_2\"><\/p>\n\n\n\n<p id=\"wnd_TextBlock_71013_inner_3\"><\/p>\n","protected":false},"excerpt":{"rendered":"<p>Kokouskakku tai tyylik\u00e4s logokakku? Tilaa t\u00e4ysin kustomoitu kakku vaikka yrityksesi logolla juhliin tai erilaisiin tapahtumiin, ja teet tilaisuudestasi heti n\u00e4ytt\u00e4v\u00e4mm\u00e4n. Kakkunoidan tuotteet sopivat monenlaisiin ruokavalioihin, sill\u00e4 kaikki tuotteet ovat automaattisesti maidottomia, kananmunattomia ja vegaanisia, sek\u00e4 mahdollisesti lis\u00e4maksusta gluteenittomia. Mutta varmasti aina herkullisia! J\u00e4lleenmyyj\u00e4ksi? Tilaa Kakkunoidalta vaikka porkkanaleivokset, kuppikakut, juustokakut tai suolaiset piiraat oman kahvilasi vitriiniin&#8230;<\/p>\n","protected":false},"author":1,"featured_media":0,"parent":0,"menu_order":0,"comment_status":"closed","ping_status":"closed","template":"","meta":{"_monsterinsights_skip_tracking":false,"_monsterinsights_sitenote_active":false,"_monsterinsights_sitenote_note":"","_monsterinsights_sitenote_category":0,"_kadence_starter_templates_imported_post":false,"_kad_post_transparent":"","_kad_post_title":"","_kad_post_layout":"","_kad_post_sidebar_id":"","_kad_post_content_style":"","_kad_post_vertical_padding":"","_kad_post_feature":"","_kad_post_feature_position":"","_kad_post_header":false,"_kad_post_footer":false,"_kad_post_classname":"","footnotes":""},"class_list":["post-1068","page","type-page","status-publish","hentry"],"_links":{"self":[{"href":"https:\/\/kakkunoita.fi\/index.php\/wp-json\/wp\/v2\/pages\/1068","targetHints":{"allow":["GET"]}}],"collection":[{"href":"https:\/\/kakkunoita.fi\/index.php\/wp-json\/wp\/v2\/pages"}],"about":[{"href":"https:\/\/kakkunoita.fi\/index.php\/wp-json\/wp\/v2\/types\/page"}],"author":[{"embeddable":true,"href":"https:\/\/kakkunoita.fi\/index.php\/wp-json\/wp\/v2\/users\/1"}],"replies":[{"embeddable":true,"href":"https:\/\/kakkunoita.fi\/index.php\/wp-json\/wp\/v2\/comments?post=1068"}],"version-history":[{"count":4,"href":"https:\/\/kakkunoita.fi\/index.php\/wp-json\/wp\/v2\/pages\/1068\/revisions"}],"predecessor-version":[{"id":1130,"href":"https:\/\/kakkunoita.fi\/index.php\/wp-json\/wp\/v2\/pages\/1068\/revisions\/1130"}],"wp:attachment":[{"href":"https:\/\/kakkunoita.fi\/index.php\/wp-json\/wp\/v2\/media?parent=1068"}],"curies":[{"name":"wp","href":"https:\/\/api.w.org\/{rel}","templated":true}]}}